{"id":6,"date":"2021-12-02T11:07:47","date_gmt":"2021-12-02T10:07:47","guid":{"rendered":"https:\/\/vizcab.io\/fr\/?page_id=6"},"modified":"2024-06-17T15:06:53","modified_gmt":"2024-06-17T13:06:53","slug":"contact","status":"publish","type":"page","link":"https:\/\/vizcab.io\/fr\/contact\/","title":{"rendered":"Contact"},"content":{"rendered":"\t\t<div data-elementor-type=\"wp-page\" data-elementor-id=\"6\" class=\"elementor elementor-6\" data-elementor-post-type=\"page\">\n\t\t\t\t\t\t<section class=\"elementor-section elementor-top-section elementor-element elementor-element-1d2ccf99 elementor-section-boxed elementor-section-height-default elementor-section-height-default\" data-id=\"1d2ccf99\" data-element_type=\"section\" data-e-type=\"section\">\n\t\t\t\t\t\t<div class=\"elementor-container elementor-column-gap-default\">\n\t\t\t\t\t<div class=\"elementor-column elementor-col-100 elementor-top-column elementor-element elementor-element-7bcb41f6\" data-id=\"7bcb41f6\" data-element_type=\"column\" data-e-type=\"column\">\n\t\t\t<div class=\"elementor-widget-wrap elementor-element-populated\">\n\t\t\t\t\t\t<div class=\"elementor-element elementor-element-48f074d elementor-widget elementor-widget-heading\" data-id=\"48f074d\" data-element_type=\"widget\" data-e-type=\"widget\" data-widget_type=\"heading.default\">\n\t\t\t\t<div class=\"elementor-widget-container\">\n\t\t\t\t\t<h1 class=\"elementor-heading-title elementor-size-default\">Vous avez une question ?\u200b<\/h1>\t\t\t\t<\/div>\n\t\t\t\t<\/div>\n\t\t\t\t<div class=\"elementor-element elementor-element-7dc635c8 elementor-absolute elementor-widget elementor-widget-image\" data-id=\"7dc635c8\" data-element_type=\"widget\" data-e-type=\"widget\" data-settings=\"{&quot;motion_fx_motion_fx_scrolling&quot;:&quot;yes&quot;,&quot;motion_fx_translateY_effect&quot;:&quot;yes&quot;,&quot;motion_fx_translateY_speed&quot;:{&quot;unit&quot;:&quot;px&quot;,&quot;size&quot;:3.6,&quot;sizes&quot;:[]},&quot;_position&quot;:&quot;absolute&quot;,&quot;motion_fx_translateY_affectedRange&quot;:{&quot;unit&quot;:&quot;%&quot;,&quot;size&quot;:&quot;&quot;,&quot;sizes&quot;:{&quot;start&quot;:0,&quot;end&quot;:100}},&quot;motion_fx_devices&quot;:[&quot;widescreen&quot;,&quot;desktop&quot;,&quot;laptop&quot;,&quot;tablet&quot;,&quot;mobile&quot;]}\" data-widget_type=\"image.default\">\n\t\t\t\t<div class=\"elementor-widget-container\">\n\t\t\t\t\t\t\t\t\t\t\t\t\t\t\t<img decoding=\"async\" src=\"https:\/\/vizcab.io\/fr\/wp-content\/uploads\/elementor\/thumbs\/Fichier-489@2x-r4e3tgp8krkvez7c7qqyxdeii0cz90a92jhwrisa2o.png\" title=\"Triangle\" alt=\"Vizcab : triangle\" loading=\"lazy\" \/>\t\t\t\t\t\t\t\t\t\t\t\t\t\t\t<\/div>\n\t\t\t\t<\/div>\n\t\t\t\t<div class=\"elementor-element elementor-element-7afe58cc elementor-absolute elementor-widget elementor-widget-image\" data-id=\"7afe58cc\" data-element_type=\"widget\" data-e-type=\"widget\" data-settings=\"{&quot;_position&quot;:&quot;absolute&quot;}\" data-widget_type=\"image.default\">\n\t\t\t\t<div class=\"elementor-widget-container\">\n\t\t\t\t\t\t\t\t\t\t\t\t\t\t\t<img decoding=\"async\" src=\"https:\/\/vizcab.io\/fr\/wp-content\/uploads\/elementor\/thumbs\/Fichier-491@2x-qr6rii730b7mh7z0es9cko0iapou4ifx0zup3rtjpc.png\" title=\"carr\u00e9e\" alt=\"Vizcab : carr\u00e9e\" loading=\"lazy\" \/>\t\t\t\t\t\t\t\t\t\t\t\t\t\t\t<\/div>\n\t\t\t\t<\/div>\n\t\t\t\t<section class=\"elementor-section elementor-inner-section elementor-element elementor-element-6fa3f008 elementor-section-full_width elementor-section-height-default elementor-section-height-default\" data-id=\"6fa3f008\" data-element_type=\"section\" data-e-type=\"section\">\n\t\t\t\t\t\t<div class=\"elementor-container elementor-column-gap-no\">\n\t\t\t\t\t<div class=\"elementor-column elementor-col-33 elementor-inner-column elementor-element elementor-element-84ba43b animated-fast elementor-invisible\" data-id=\"84ba43b\" data-element_type=\"column\" data-e-type=\"column\" data-settings=\"{&quot;background_background&quot;:&quot;classic&quot;,&quot;animation&quot;:&quot;fadeInUp&quot;}\">\n\t\t\t<div class=\"elementor-widget-wrap elementor-element-populated\">\n\t\t\t\t\t\t<div class=\"elementor-element elementor-element-3a991384 elementor-widget__width-auto elementor-widget elementor-widget-image\" data-id=\"3a991384\" data-element_type=\"widget\" data-e-type=\"widget\" data-widget_type=\"image.default\">\n\t\t\t\t<div class=\"elementor-widget-container\">\n\t\t\t\t\t\t\t\t\t\t\t\t\t\t\t<img fetchpriority=\"high\" decoding=\"async\" width=\"994\" height=\"624\" src=\"https:\/\/vizcab.io\/fr\/wp-content\/uploads\/Fichier-12-2.png\" class=\"attachment-full size-full wp-image-971\" alt=\"Vizcab : calendrier des r\u00e9glementations carbone\" srcset=\"https:\/\/vizcab.io\/fr\/wp-content\/uploads\/Fichier-12-2.png 994w, https:\/\/vizcab.io\/fr\/wp-content\/uploads\/Fichier-12-2-300x188.png 300w, https:\/\/vizcab.io\/fr\/wp-content\/uploads\/Fichier-12-2-768x482.png 768w\" sizes=\"(max-width: 994px) 100vw, 994px\" \/>\t\t\t\t\t\t\t\t\t\t\t\t\t\t\t<\/div>\n\t\t\t\t<\/div>\n\t\t\t\t<div class=\"elementor-element elementor-element-18c4e560 elementor-widget elementor-widget-heading\" data-id=\"18c4e560\" data-element_type=\"widget\" data-e-type=\"widget\" data-widget_type=\"heading.default\">\n\t\t\t\t<div class=\"elementor-widget-container\">\n\t\t\t\t\t<h2 class=\"elementor-heading-title elementor-size-default\">Vous souhaitez en savoir plus sur nos solutions ?<\/h2>\t\t\t\t<\/div>\n\t\t\t\t<\/div>\n\t\t\t\t<div class=\"elementor-element elementor-element-a3e1797 elementor-widget elementor-widget-heading\" data-id=\"a3e1797\" data-element_type=\"widget\" data-e-type=\"widget\" data-widget_type=\"heading.default\">\n\t\t\t\t<div class=\"elementor-widget-container\">\n\t\t\t\t\t<p class=\"elementor-heading-title elementor-size-default\">Prenons <b>rendez-vous<\/b> ensemble pour changer sur vos besoins.<\/p>\t\t\t\t<\/div>\n\t\t\t\t<\/div>\n\t\t\t\t<div class=\"elementor-element elementor-element-e8609e7 elementor-align-center elementor-widget elementor-widget-button\" data-id=\"e8609e7\" data-element_type=\"widget\" data-e-type=\"widget\" data-widget_type=\"button.default\">\n\t\t\t\t<div class=\"elementor-widget-container\">\n\t\t\t\t\t\t\t\t\t<div class=\"elementor-button-wrapper\">\n\t\t\t\t\t<a class=\"elementor-button elementor-button-link elementor-size-sm elementor-animation-float\" href=\"https:\/\/vizcab.io\/fr\/prenez_rdv_avec_notre_equipe\" target=\"_blank\">\n\t\t\t\t\t\t<span class=\"elementor-button-content-wrapper\">\n\t\t\t\t\t\t<span class=\"elementor-button-icon\">\n\t\t\t\t<i aria-hidden=\"true\" class=\"far fa-calendar-alt\"><\/i>\t\t\t<\/span>\n\t\t\t\t\t\t\t\t\t<span class=\"elementor-button-text\">R\u00e9vervez votre d\u00e9mo<\/span>\n\t\t\t\t\t<\/span>\n\t\t\t\t\t<\/a>\n\t\t\t\t<\/div>\n\t\t\t\t\t\t\t\t<\/div>\n\t\t\t\t<\/div>\n\t\t\t\t\t<\/div>\n\t\t<\/div>\n\t\t\t\t<div class=\"elementor-column elementor-col-33 elementor-inner-column elementor-element elementor-element-cf02afb animated-fast elementor-invisible\" data-id=\"cf02afb\" data-element_type=\"column\" data-e-type=\"column\" data-settings=\"{&quot;background_background&quot;:&quot;classic&quot;,&quot;animation&quot;:&quot;fadeInUp&quot;}\">\n\t\t\t<div class=\"elementor-widget-wrap elementor-element-populated\">\n\t\t\t\t\t\t<div class=\"elementor-element elementor-element-d5b2c39 elementor-widget__width-auto elementor-widget elementor-widget-image\" data-id=\"d5b2c39\" data-element_type=\"widget\" data-e-type=\"widget\" data-widget_type=\"image.default\">\n\t\t\t\t<div class=\"elementor-widget-container\">\n\t\t\t\t\t\t\t\t\t\t\t\t\t\t\t<img decoding=\"async\" width=\"994\" height=\"625\" src=\"https:\/\/vizcab.io\/fr\/wp-content\/uploads\/Fichier-32-1.png\" class=\"attachment-full size-full wp-image-976\" alt=\"Vizcab : La revue de l&#039;ACV B\u00e2timent\" srcset=\"https:\/\/vizcab.io\/fr\/wp-content\/uploads\/Fichier-32-1.png 994w, https:\/\/vizcab.io\/fr\/wp-content\/uploads\/Fichier-32-1-300x189.png 300w, https:\/\/vizcab.io\/fr\/wp-content\/uploads\/Fichier-32-1-768x483.png 768w\" sizes=\"(max-width: 994px) 100vw, 994px\" \/>\t\t\t\t\t\t\t\t\t\t\t\t\t\t\t<\/div>\n\t\t\t\t<\/div>\n\t\t\t\t<div class=\"elementor-element elementor-element-83b7dba elementor-widget elementor-widget-heading\" data-id=\"83b7dba\" data-element_type=\"widget\" data-e-type=\"widget\" data-widget_type=\"heading.default\">\n\t\t\t\t<div class=\"elementor-widget-container\">\n\t\t\t\t\t<h2 class=\"elementor-heading-title elementor-size-default\">Vous n'\u00eates pas encore client de nos solutions ?<\/h2>\t\t\t\t<\/div>\n\t\t\t\t<\/div>\n\t\t\t\t<div class=\"elementor-element elementor-element-6387d92 elementor-widget elementor-widget-heading\" data-id=\"6387d92\" data-element_type=\"widget\" data-e-type=\"widget\" data-widget_type=\"heading.default\">\n\t\t\t\t<div class=\"elementor-widget-container\">\n\t\t\t\t\t<p class=\"elementor-heading-title elementor-size-default\">Acc\u00e9dez au <b>formulaire de contact<\/b> en cliquant sur le bouton ci-dessous.<\/p>\t\t\t\t<\/div>\n\t\t\t\t<\/div>\n\t\t\t\t<div class=\"elementor-element elementor-element-40091ec elementor-align-center elementor-widget elementor-widget-button\" data-id=\"40091ec\" data-element_type=\"widget\" data-e-type=\"widget\" data-widget_type=\"button.default\">\n\t\t\t\t<div class=\"elementor-widget-container\">\n\t\t\t\t\t\t\t\t\t<div class=\"elementor-button-wrapper\">\n\t\t\t\t\t<a class=\"elementor-button elementor-button-link elementor-size-sm elementor-animation-float\" href=\"https:\/\/vizcab.io\/fr\/contact-generique\">\n\t\t\t\t\t\t<span class=\"elementor-button-content-wrapper\">\n\t\t\t\t\t\t<span class=\"elementor-button-icon\">\n\t\t\t\t<i aria-hidden=\"true\" class=\"fas fa-paper-plane\"><\/i>\t\t\t<\/span>\n\t\t\t\t\t\t\t\t\t<span class=\"elementor-button-text\">Contactez nous par mail<\/span>\n\t\t\t\t\t<\/span>\n\t\t\t\t\t<\/a>\n\t\t\t\t<\/div>\n\t\t\t\t\t\t\t\t<\/div>\n\t\t\t\t<\/div>\n\t\t\t\t\t<\/div>\n\t\t<\/div>\n\t\t\t\t<div class=\"elementor-column elementor-col-33 elementor-inner-column elementor-element elementor-element-4b236bc0 animated-fast elementor-invisible\" data-id=\"4b236bc0\" data-element_type=\"column\" data-e-type=\"column\" data-settings=\"{&quot;background_background&quot;:&quot;classic&quot;,&quot;animation&quot;:&quot;fadeInUp&quot;}\">\n\t\t\t<div class=\"elementor-widget-wrap elementor-element-populated\">\n\t\t\t\t\t\t<div class=\"elementor-element elementor-element-ad68478 elementor-widget__width-auto elementor-widget elementor-widget-image\" data-id=\"ad68478\" data-element_type=\"widget\" data-e-type=\"widget\" data-widget_type=\"image.default\">\n\t\t\t\t<div class=\"elementor-widget-container\">\n\t\t\t\t\t\t\t\t\t\t\t\t\t\t\t<img decoding=\"async\" width=\"995\" height=\"624\" src=\"https:\/\/vizcab.io\/fr\/wp-content\/uploads\/Fichier-22.png\" class=\"attachment-full size-full wp-image-972\" alt=\"Vizcab : illustration donn\u00e9e carbone\" srcset=\"https:\/\/vizcab.io\/fr\/wp-content\/uploads\/Fichier-22.png 995w, https:\/\/vizcab.io\/fr\/wp-content\/uploads\/Fichier-22-300x188.png 300w, https:\/\/vizcab.io\/fr\/wp-content\/uploads\/Fichier-22-768x482.png 768w\" sizes=\"(max-width: 995px) 100vw, 995px\" \/>\t\t\t\t\t\t\t\t\t\t\t\t\t\t\t<\/div>\n\t\t\t\t<\/div>\n\t\t\t\t<div class=\"elementor-element elementor-element-7acdb3aa elementor-widget elementor-widget-heading\" data-id=\"7acdb3aa\" data-element_type=\"widget\" data-e-type=\"widget\" data-widget_type=\"heading.default\">\n\t\t\t\t<div class=\"elementor-widget-container\">\n\t\t\t\t\t<h2 class=\"elementor-heading-title elementor-size-default\">Vous \u00eates utilisateur et vous avez une question technique ?<\/h2>\t\t\t\t<\/div>\n\t\t\t\t<\/div>\n\t\t\t\t<div class=\"elementor-element elementor-element-2634f73a elementor-widget elementor-widget-heading\" data-id=\"2634f73a\" data-element_type=\"widget\" data-e-type=\"widget\" data-widget_type=\"heading.default\">\n\t\t\t\t<div class=\"elementor-widget-container\">\n\t\t\t\t\t<p class=\"elementor-heading-title elementor-size-default\">Rendez-vous dans la rubrique \"<b>Aide<\/b>\" de votre espace utilisateur Vizcab.<\/p>\t\t\t\t<\/div>\n\t\t\t\t<\/div>\n\t\t\t\t<div class=\"elementor-element elementor-element-75cb38e elementor-align-center elementor-widget elementor-widget-button\" data-id=\"75cb38e\" data-element_type=\"widget\" data-e-type=\"widget\" data-widget_type=\"button.default\">\n\t\t\t\t<div class=\"elementor-widget-container\">\n\t\t\t\t\t\t\t\t\t<div class=\"elementor-button-wrapper\">\n\t\t\t\t\t<a class=\"elementor-button elementor-button-link elementor-size-sm elementor-animation-float\" href=\"https:\/\/app.vizcab.io\/\" target=\"_blank\">\n\t\t\t\t\t\t<span class=\"elementor-button-content-wrapper\">\n\t\t\t\t\t\t<span class=\"elementor-button-icon\">\n\t\t\t\t<i aria-hidden=\"true\" class=\"fas fa-user\"><\/i>\t\t\t<\/span>\n\t\t\t\t\t\t\t\t\t<span class=\"elementor-button-text\">Connexion<\/span>\n\t\t\t\t\t<\/span>\n\t\t\t\t\t<\/a>\n\t\t\t\t<\/div>\n\t\t\t\t\t\t\t\t<\/div>\n\t\t\t\t<\/div>\n\t\t\t\t\t<\/div>\n\t\t<\/div>\n\t\t\t\t\t<\/div>\n\t\t<\/section>\n\t\t\t\t\t<\/div>\n\t\t<\/div>\n\t\t\t\t\t<\/div>\n\t\t<\/section>\n\t\t\t\t<section class=\"elementor-section elementor-top-section elementor-element elementor-element-7e7bef39 elementor-section-full_width elementor-section-height-default elementor-section-height-default\" data-id=\"7e7bef39\" data-element_type=\"section\" data-e-type=\"section\">\n\t\t\t\t\t\t<div class=\"elementor-container elementor-column-gap-default\">\n\t\t\t\t\t<div class=\"elementor-column elementor-col-100 elementor-top-column elementor-element elementor-element-6cdcb129\" data-id=\"6cdcb129\" data-element_type=\"column\" data-e-type=\"column\">\n\t\t\t<div class=\"elementor-widget-wrap elementor-element-populated\">\n\t\t\t\t\t\t<div class=\"elementor-element elementor-element-15f6b77b elementor-widget elementor-widget-image\" data-id=\"15f6b77b\" data-element_type=\"widget\" data-e-type=\"widget\" data-widget_type=\"image.default\">\n\t\t\t\t<div class=\"elementor-widget-container\">\n\t\t\t\t\t\t\t\t\t\t\t\t\t\t\t<img loading=\"lazy\" decoding=\"async\" width=\"2257\" height=\"383\" src=\"https:\/\/vizcab.io\/fr\/wp-content\/uploads\/Plan-de-travail-34-copie-2@2x-100.jpg\" class=\"attachment-full size-full wp-image-612\" alt=\"Vizcab : illustration fond RE2020\" srcset=\"https:\/\/vizcab.io\/fr\/wp-content\/uploads\/Plan-de-travail-34-copie-2@2x-100.jpg 2257w, https:\/\/vizcab.io\/fr\/wp-content\/uploads\/Plan-de-travail-34-copie-2@2x-100-300x51.jpg 300w, https:\/\/vizcab.io\/fr\/wp-content\/uploads\/Plan-de-travail-34-copie-2@2x-100-1024x174.jpg 1024w, https:\/\/vizcab.io\/fr\/wp-content\/uploads\/Plan-de-travail-34-copie-2@2x-100-768x130.jpg 768w, https:\/\/vizcab.io\/fr\/wp-content\/uploads\/Plan-de-travail-34-copie-2@2x-100-1536x261.jpg 1536w, https:\/\/vizcab.io\/fr\/wp-content\/uploads\/Plan-de-travail-34-copie-2@2x-100-2048x348.jpg 2048w\" sizes=\"(max-width: 2257px) 100vw, 2257px\" \/>\t\t\t\t\t\t\t\t\t\t\t\t\t\t\t<\/div>\n\t\t\t\t<\/div>\n\t\t\t\t\t<\/div>\n\t\t<\/div>\n\t\t\t\t\t<\/div>\n\t\t<\/section>\n\t\t\t\t<\/div>\n\t\t","protected":false},"excerpt":{"rendered":"<p>Vous avez une question ?\u200b Vous souhaitez en savoir plus sur nos solutions ? Prenons rendez-vous ensemble pour changer sur vos besoins. R\u00e9vervez votre d\u00e9mo Vous n&rsquo;\u00eates pas encore client de nos solutions ? Acc\u00e9dez au formulaire de contact en cliquant sur le bouton ci-dessous. Contactez nous par mail Vous \u00eates utilisateur et vous avez [&hellip;]<\/p>\n","protected":false},"author":20,"featured_media":1992,"parent":0,"menu_order":12,"comment_status":"closed","ping_status":"closed","template":"","meta":{"content-type":"","footnotes":""},"class_list":["post-6","page","type-page","status-publish","has-post-thumbnail","hentry"],"yoast_head":"<!-- This site is optimized with the Yoast SEO plugin v27.3 - https:\/\/yoast.com\/product\/yoast-seo-wordpress\/ -->\n<title>Contact - Vizcab<\/title>\n<meta name=\"description\" content=\"Contactez notre \u00e9quipe d&#039;expert : Vizcab vous accompagne dans votre strat\u00e9gie construction bas carbone et vos ACV b\u00e2timent RE2020 et E+C-.\" \/>\n<meta name=\"robots\" content=\"index, follow, max-snippet:-1, max-image-preview:large, max-video-preview:-1\" \/>\n<link rel=\"canonical\" href=\"https:\/\/vizcab.io\/fr\/contact\/\" \/>\n<meta property=\"og:locale\" content=\"fr_FR\" \/>\n<meta property=\"og:type\" content=\"article\" \/>\n<meta property=\"og:title\" content=\"Contact - Vizcab\" \/>\n<meta property=\"og:description\" content=\"Contactez notre \u00e9quipe d&#039;expert : Vizcab vous accompagne dans votre strat\u00e9gie construction bas carbone et vos ACV b\u00e2timent RE2020 et E+C-.\" \/>\n<meta property=\"og:url\" content=\"https:\/\/vizcab.io\/fr\/contact\/\" \/>\n<meta property=\"og:site_name\" content=\"Vizcab\" \/>\n<meta property=\"article:modified_time\" content=\"2024-06-17T13:06:53+00:00\" \/>\n<meta property=\"og:image\" content=\"https:\/\/vizcab.io\/fr\/wp-content\/uploads\/Vizcab_ACV_Batiment_RE2020_EC-_Explo_Eval.jpg\" \/>\n\t<meta property=\"og:image:width\" content=\"1582\" \/>\n\t<meta property=\"og:image:height\" content=\"1068\" \/>\n\t<meta property=\"og:image:type\" content=\"image\/jpeg\" \/>\n<meta name=\"twitter:card\" content=\"summary_large_image\" \/>\n<meta name=\"twitter:label1\" content=\"Dur\u00e9e de lecture estim\u00e9e\" \/>\n\t<meta name=\"twitter:data1\" content=\"2 minutes\" \/>\n<script type=\"application\/ld+json\" class=\"yoast-schema-graph\">{\"@context\":\"https:\\\/\\\/schema.org\",\"@graph\":[{\"@type\":\"WebPage\",\"@id\":\"https:\\\/\\\/vizcab.io\\\/fr\\\/contact\\\/\",\"url\":\"https:\\\/\\\/vizcab.io\\\/fr\\\/contact\\\/\",\"name\":\"Contact - Vizcab\",\"isPartOf\":{\"@id\":\"https:\\\/\\\/vizcab.io\\\/fr\\\/#website\"},\"primaryImageOfPage\":{\"@id\":\"https:\\\/\\\/vizcab.io\\\/fr\\\/contact\\\/#primaryimage\"},\"image\":{\"@id\":\"https:\\\/\\\/vizcab.io\\\/fr\\\/contact\\\/#primaryimage\"},\"thumbnailUrl\":\"https:\\\/\\\/vizcab.io\\\/fr\\\/wp-content\\\/uploads\\\/Vizcab_ACV_Batiment_RE2020_EC-_Explo_Eval.jpg\",\"datePublished\":\"2021-12-02T10:07:47+00:00\",\"dateModified\":\"2024-06-17T13:06:53+00:00\",\"description\":\"Contactez notre \u00e9quipe d'expert : Vizcab vous accompagne dans votre strat\u00e9gie construction bas carbone et vos ACV b\u00e2timent RE2020 et E+C-.\",\"breadcrumb\":{\"@id\":\"https:\\\/\\\/vizcab.io\\\/fr\\\/contact\\\/#breadcrumb\"},\"inLanguage\":\"fr-FR\",\"potentialAction\":[{\"@type\":\"ReadAction\",\"target\":[\"https:\\\/\\\/vizcab.io\\\/fr\\\/contact\\\/\"]}]},{\"@type\":\"ImageObject\",\"inLanguage\":\"fr-FR\",\"@id\":\"https:\\\/\\\/vizcab.io\\\/fr\\\/contact\\\/#primaryimage\",\"url\":\"https:\\\/\\\/vizcab.io\\\/fr\\\/wp-content\\\/uploads\\\/Vizcab_ACV_Batiment_RE2020_EC-_Explo_Eval.jpg\",\"contentUrl\":\"https:\\\/\\\/vizcab.io\\\/fr\\\/wp-content\\\/uploads\\\/Vizcab_ACV_Batiment_RE2020_EC-_Explo_Eval.jpg\",\"width\":1582,\"height\":1068,\"caption\":\"Vizcab : dashboard ACV B\u00e2timent RE2020 E+C-\"},{\"@type\":\"BreadcrumbList\",\"@id\":\"https:\\\/\\\/vizcab.io\\\/fr\\\/contact\\\/#breadcrumb\",\"itemListElement\":[{\"@type\":\"ListItem\",\"position\":1,\"name\":\"Accueil\",\"item\":\"https:\\\/\\\/vizcab.io\\\/fr\\\/\"},{\"@type\":\"ListItem\",\"position\":2,\"name\":\"Contact\"}]},{\"@type\":\"WebSite\",\"@id\":\"https:\\\/\\\/vizcab.io\\\/fr\\\/#website\",\"url\":\"https:\\\/\\\/vizcab.io\\\/fr\\\/\",\"name\":\"Vizcab\",\"description\":\"Solutions pour la transition environnementale du b\u00e2timent\",\"publisher\":{\"@id\":\"https:\\\/\\\/vizcab.io\\\/fr\\\/#organization\"},\"potentialAction\":[{\"@type\":\"SearchAction\",\"target\":{\"@type\":\"EntryPoint\",\"urlTemplate\":\"https:\\\/\\\/vizcab.io\\\/fr\\\/?s={search_term_string}\"},\"query-input\":{\"@type\":\"PropertyValueSpecification\",\"valueRequired\":true,\"valueName\":\"search_term_string\"}}],\"inLanguage\":\"fr-FR\"},{\"@type\":\"Organization\",\"@id\":\"https:\\\/\\\/vizcab.io\\\/fr\\\/#organization\",\"name\":\"Vizcab\",\"url\":\"https:\\\/\\\/vizcab.io\\\/fr\\\/\",\"logo\":{\"@type\":\"ImageObject\",\"inLanguage\":\"fr-FR\",\"@id\":\"https:\\\/\\\/vizcab.io\\\/fr\\\/#\\\/schema\\\/logo\\\/image\\\/\",\"url\":\"https:\\\/\\\/vizcab.io\\\/fr\\\/wp-content\\\/uploads\\\/Vizcab-Logo-Long-bleu-Signature.png\",\"contentUrl\":\"https:\\\/\\\/vizcab.io\\\/fr\\\/wp-content\\\/uploads\\\/Vizcab-Logo-Long-bleu-Signature.png\",\"width\":1470,\"height\":490,\"caption\":\"Vizcab\"},\"image\":{\"@id\":\"https:\\\/\\\/vizcab.io\\\/fr\\\/#\\\/schema\\\/logo\\\/image\\\/\"},\"sameAs\":[\"https:\\\/\\\/www.linkedin.com\\\/company\\\/vizcab\\\/\"]}]}<\/script>\n<!-- \/ Yoast SEO plugin. -->","yoast_head_json":{"title":"Contact - Vizcab","description":"Contactez notre \u00e9quipe d'expert : Vizcab vous accompagne dans votre strat\u00e9gie construction bas carbone et vos ACV b\u00e2timent RE2020 et E+C-.","robots":{"index":"index","follow":"follow","max-snippet":"max-snippet:-1","max-image-preview":"max-image-preview:large","max-video-preview":"max-video-preview:-1"},"canonical":"https:\/\/vizcab.io\/fr\/contact\/","og_locale":"fr_FR","og_type":"article","og_title":"Contact - Vizcab","og_description":"Contactez notre \u00e9quipe d'expert : Vizcab vous accompagne dans votre strat\u00e9gie construction bas carbone et vos ACV b\u00e2timent RE2020 et E+C-.","og_url":"https:\/\/vizcab.io\/fr\/contact\/","og_site_name":"Vizcab","article_modified_time":"2024-06-17T13:06:53+00:00","og_image":[{"width":1582,"height":1068,"url":"https:\/\/vizcab.io\/fr\/wp-content\/uploads\/Vizcab_ACV_Batiment_RE2020_EC-_Explo_Eval.jpg","type":"image\/jpeg"}],"twitter_card":"summary_large_image","twitter_misc":{"Dur\u00e9e de lecture estim\u00e9e":"2 minutes"},"schema":{"@context":"https:\/\/schema.org","@graph":[{"@type":"WebPage","@id":"https:\/\/vizcab.io\/fr\/contact\/","url":"https:\/\/vizcab.io\/fr\/contact\/","name":"Contact - Vizcab","isPartOf":{"@id":"https:\/\/vizcab.io\/fr\/#website"},"primaryImageOfPage":{"@id":"https:\/\/vizcab.io\/fr\/contact\/#primaryimage"},"image":{"@id":"https:\/\/vizcab.io\/fr\/contact\/#primaryimage"},"thumbnailUrl":"https:\/\/vizcab.io\/fr\/wp-content\/uploads\/Vizcab_ACV_Batiment_RE2020_EC-_Explo_Eval.jpg","datePublished":"2021-12-02T10:07:47+00:00","dateModified":"2024-06-17T13:06:53+00:00","description":"Contactez notre \u00e9quipe d'expert : Vizcab vous accompagne dans votre strat\u00e9gie construction bas carbone et vos ACV b\u00e2timent RE2020 et E+C-.","breadcrumb":{"@id":"https:\/\/vizcab.io\/fr\/contact\/#breadcrumb"},"inLanguage":"fr-FR","potentialAction":[{"@type":"ReadAction","target":["https:\/\/vizcab.io\/fr\/contact\/"]}]},{"@type":"ImageObject","inLanguage":"fr-FR","@id":"https:\/\/vizcab.io\/fr\/contact\/#primaryimage","url":"https:\/\/vizcab.io\/fr\/wp-content\/uploads\/Vizcab_ACV_Batiment_RE2020_EC-_Explo_Eval.jpg","contentUrl":"https:\/\/vizcab.io\/fr\/wp-content\/uploads\/Vizcab_ACV_Batiment_RE2020_EC-_Explo_Eval.jpg","width":1582,"height":1068,"caption":"Vizcab : dashboard ACV B\u00e2timent RE2020 E+C-"},{"@type":"BreadcrumbList","@id":"https:\/\/vizcab.io\/fr\/contact\/#breadcrumb","itemListElement":[{"@type":"ListItem","position":1,"name":"Accueil","item":"https:\/\/vizcab.io\/fr\/"},{"@type":"ListItem","position":2,"name":"Contact"}]},{"@type":"WebSite","@id":"https:\/\/vizcab.io\/fr\/#website","url":"https:\/\/vizcab.io\/fr\/","name":"Vizcab","description":"Solutions pour la transition environnementale du b\u00e2timent","publisher":{"@id":"https:\/\/vizcab.io\/fr\/#organization"},"potentialAction":[{"@type":"SearchAction","target":{"@type":"EntryPoint","urlTemplate":"https:\/\/vizcab.io\/fr\/?s={search_term_string}"},"query-input":{"@type":"PropertyValueSpecification","valueRequired":true,"valueName":"search_term_string"}}],"inLanguage":"fr-FR"},{"@type":"Organization","@id":"https:\/\/vizcab.io\/fr\/#organization","name":"Vizcab","url":"https:\/\/vizcab.io\/fr\/","logo":{"@type":"ImageObject","inLanguage":"fr-FR","@id":"https:\/\/vizcab.io\/fr\/#\/schema\/logo\/image\/","url":"https:\/\/vizcab.io\/fr\/wp-content\/uploads\/Vizcab-Logo-Long-bleu-Signature.png","contentUrl":"https:\/\/vizcab.io\/fr\/wp-content\/uploads\/Vizcab-Logo-Long-bleu-Signature.png","width":1470,"height":490,"caption":"Vizcab"},"image":{"@id":"https:\/\/vizcab.io\/fr\/#\/schema\/logo\/image\/"},"sameAs":["https:\/\/www.linkedin.com\/company\/vizcab\/"]}]}},"_links":{"self":[{"href":"https:\/\/vizcab.io\/fr\/wp-json\/wp\/v2\/pages\/6","targetHints":{"allow":["GET"]}}],"collection":[{"href":"https:\/\/vizcab.io\/fr\/wp-json\/wp\/v2\/pages"}],"about":[{"href":"https:\/\/vizcab.io\/fr\/wp-json\/wp\/v2\/types\/page"}],"author":[{"embeddable":true,"href":"https:\/\/vizcab.io\/fr\/wp-json\/wp\/v2\/users\/20"}],"replies":[{"embeddable":true,"href":"https:\/\/vizcab.io\/fr\/wp-json\/wp\/v2\/comments?post=6"}],"version-history":[{"count":0,"href":"https:\/\/vizcab.io\/fr\/wp-json\/wp\/v2\/pages\/6\/revisions"}],"wp:featuredmedia":[{"embeddable":true,"href":"https:\/\/vizcab.io\/fr\/wp-json\/wp\/v2\/media\/1992"}],"wp:attachment":[{"href":"https:\/\/vizcab.io\/fr\/wp-json\/wp\/v2\/media?parent=6"}],"curies":[{"name":"wp","href":"https:\/\/api.w.org\/{rel}","templated":true}]}}