{"id":10903,"date":"2024-06-18T09:09:58","date_gmt":"2024-06-18T07:09:58","guid":{"rendered":"https:\/\/vizcab.io\/fr\/?page_id=10903"},"modified":"2025-05-05T09:42:13","modified_gmt":"2025-05-05T07:42:13","slug":"nos-engagements-rse","status":"publish","type":"page","link":"https:\/\/vizcab.io\/fr\/nos-engagements-rse\/","title":{"rendered":"Nos engagements RSE"},"content":{"rendered":"\t\t<div data-elementor-type=\"wp-page\" data-elementor-id=\"10903\" class=\"elementor elementor-10903\" data-elementor-post-type=\"page\">\n\t\t\t\t\t\t<section class=\"elementor-section elementor-top-section elementor-element elementor-element-fe0359c elementor-section-height-min-height elementor-section-items-bottom elementor-section-content-bottom elementor-section-boxed elementor-section-height-default\" data-id=\"fe0359c\" data-element_type=\"section\" data-e-type=\"section\" data-settings=\"{&quot;background_background&quot;:&quot;classic&quot;}\">\n\t\t\t\t\t\t\t<div class=\"elementor-background-overlay\"><\/div>\n\t\t\t\t\t\t\t<div class=\"elementor-container elementor-column-gap-default\">\n\t\t\t\t\t<div class=\"elementor-column elementor-col-100 elementor-top-column elementor-element elementor-element-04f5f88\" data-id=\"04f5f88\" data-element_type=\"column\" data-e-type=\"column\">\n\t\t\t<div class=\"elementor-widget-wrap elementor-element-populated\">\n\t\t\t\t\t\t<div class=\"elementor-element elementor-element-62601bb elementor-widget elementor-widget-image\" data-id=\"62601bb\" data-element_type=\"widget\" data-e-type=\"widget\" data-widget_type=\"image.default\">\n\t\t\t\t<div class=\"elementor-widget-container\">\n\t\t\t\t\t\t\t\t\t\t\t\t\t\t\t<img fetchpriority=\"high\" decoding=\"async\" width=\"800\" height=\"572\" src=\"https:\/\/vizcab.io\/fr\/wp-content\/uploads\/RSE-Engagement-de-Vizcab-1024x732.webp\" class=\"attachment-large size-large wp-image-10910\" alt=\"\" srcset=\"https:\/\/vizcab.io\/fr\/wp-content\/uploads\/RSE-Engagement-de-Vizcab-1024x732.webp 1024w, https:\/\/vizcab.io\/fr\/wp-content\/uploads\/RSE-Engagement-de-Vizcab-300x214.webp 300w, https:\/\/vizcab.io\/fr\/wp-content\/uploads\/RSE-Engagement-de-Vizcab-768x549.webp 768w, https:\/\/vizcab.io\/fr\/wp-content\/uploads\/RSE-Engagement-de-Vizcab.webp 1048w\" sizes=\"(max-width: 800px) 100vw, 800px\" \/>\t\t\t\t\t\t\t\t\t\t\t\t\t\t\t<\/div>\n\t\t\t\t<\/div>\n\t\t\t\t<div class=\"elementor-element elementor-element-e7b3803 elementor-widget elementor-widget-heading\" data-id=\"e7b3803\" data-element_type=\"widget\" data-e-type=\"widget\" data-widget_type=\"heading.default\">\n\t\t\t\t<div class=\"elementor-widget-container\">\n\t\t\t\t\t<h1 class=\"elementor-heading-title elementor-size-default\">Engagement de Vizcab<\/h1>\t\t\t\t<\/div>\n\t\t\t\t<\/div>\n\t\t\t\t<div class=\"elementor-element elementor-element-81de50c elementor-widget elementor-widget-text-editor\" data-id=\"81de50c\" data-element_type=\"widget\" data-e-type=\"widget\" data-widget_type=\"text-editor.default\">\n\t\t\t\t<div class=\"elementor-widget-container\">\n\t\t\t\t\t\t\t\t\t<p><b>Vizcab s\u2019engage \u00e0 mettre en \u0153uvre un Gender Equality Plan (GEP)<\/b>, ou plan pour l\u2019\u00e9galit\u00e9 des genres, au travers d\u2019une s\u00e9rie d\u2019actions concr\u00e8tes qui s\u2019articulent autour de <b>six objectifs majeurs<\/b> :<\/p><ol><li><b>Sensibiliser<\/b> \u00e0 l&rsquo;\u00e9galit\u00e9 des genres et aux biais inconscients\u00a0<br \/><br \/><\/li><li><b>Am\u00e9liorer l&rsquo;\u00e9quilibre entre vie professionnelle et vie priv\u00e9e<\/b> et faire \u00e9voluer les pratiques,\u00a0<br \/><br \/><\/li><li><b>Am\u00e9liorer l&rsquo;\u00e9quilibre<\/b> entre les genres dans les <b>postes \u00e0 responsabilit\u00e9,<\/b><br \/><br \/><\/li><li><b>Progresser vers l\u2019\u00e9galit\u00e9<\/b> entre les genres dans le recrutement et la progression de carri\u00e8re,\u00a0<br \/><br \/><\/li><li><b>Promouvoir et soutenir l\u2019int\u00e9gration de la dimension de genre<\/b> dans la recherche et l\u2019innovation,\u00a0<br \/><br \/><\/li><li><b>Lutter<\/b> contre les violences sexistes et sexuelles.<\/li><\/ol>\t\t\t\t\t\t\t\t<\/div>\n\t\t\t\t<\/div>\n\t\t\t\t\t<\/div>\n\t\t<\/div>\n\t\t\t\t\t<\/div>\n\t\t<\/section>\n\t\t\t\t<section class=\"elementor-section elementor-top-section elementor-element elementor-element-5ee83cf elementor-section-boxed elementor-section-height-default elementor-section-height-default\" data-id=\"5ee83cf\" data-element_type=\"section\" data-e-type=\"section\">\n\t\t\t\t\t\t<div class=\"elementor-container elementor-column-gap-default\">\n\t\t\t\t\t<div class=\"elementor-column elementor-col-100 elementor-top-column elementor-element elementor-element-49221c0\" data-id=\"49221c0\" data-element_type=\"column\" data-e-type=\"column\">\n\t\t\t<div class=\"elementor-widget-wrap elementor-element-populated\">\n\t\t\t\t\t\t<div class=\"elementor-element elementor-element-777484f elementor-widget elementor-widget-heading\" data-id=\"777484f\" data-element_type=\"widget\" data-e-type=\"widget\" data-widget_type=\"heading.default\">\n\t\t\t\t<div class=\"elementor-widget-container\">\n\t\t\t\t\t<h2 class=\"elementor-heading-title elementor-size-default\">Les chiffres cl\u00e9s de l'\u00e9galit\u00e9 professionnelle Femmes\/Hommes <\/h2>\t\t\t\t<\/div>\n\t\t\t\t<\/div>\n\t\t\t\t<div class=\"elementor-element elementor-element-eb32255 elementor-widget elementor-widget-text-editor\" data-id=\"eb32255\" data-element_type=\"widget\" data-e-type=\"widget\" data-widget_type=\"text-editor.default\">\n\t\t\t\t<div class=\"elementor-widget-container\">\n\t\t\t\t\t\t\t\t\t<p>L\u2019\u00e9galit\u00e9 homme-femme est une pr\u00e9occupation du quotidien pour Vizcab, sans oublier les personnes non-binaires.<\/p><p>\u00a0 <br \/>Aujourd&rsquo;hui, les femmes ne repr\u00e9sentent que 31% de nos effectifs, versus 17% \u00e0 l\u2019\u00e9chelle europ\u00e9enne et fran\u00e7aise pour le monde de la tech (source Gender scan), ce qui n\u2019est pas satisfaisant au vu de notre ambition de parit\u00e9, mais cela repr\u00e9sente tout de m\u00eame quasiment le double.<\/p><p><br \/>Ceci s\u2019explique notamment par notre secteur d\u2019activit\u00e9 et le fait que sur les 72 candidatures re\u00e7ues ces 6 derniers mois, pour nos offres d\u2019emploi \u00e0 pourvoir, seules 30.50% \u00e9manaient de femmes.<br \/>En parall\u00e8le, sur cette m\u00eame temporalit\u00e9, nous avons recrut\u00e9 44% de femmes.<\/p>\t\t\t\t\t\t\t\t<\/div>\n\t\t\t\t<\/div>\n\t\t\t\t<div class=\"elementor-element elementor-element-285a8cc elementor-widget elementor-widget-image\" data-id=\"285a8cc\" data-element_type=\"widget\" data-e-type=\"widget\" data-widget_type=\"image.default\">\n\t\t\t\t<div class=\"elementor-widget-container\">\n\t\t\t\t\t\t\t\t\t\t\t\t\t\t\t<img decoding=\"async\" width=\"800\" height=\"299\" src=\"https:\/\/vizcab.io\/fr\/wp-content\/uploads\/Schema-gender-1024x383.webp\" class=\"attachment-large size-large wp-image-10911\" alt=\"\" srcset=\"https:\/\/vizcab.io\/fr\/wp-content\/uploads\/Schema-gender-1024x383.webp 1024w, https:\/\/vizcab.io\/fr\/wp-content\/uploads\/Schema-gender-300x112.webp 300w, https:\/\/vizcab.io\/fr\/wp-content\/uploads\/Schema-gender-768x288.webp 768w, https:\/\/vizcab.io\/fr\/wp-content\/uploads\/Schema-gender-1536x575.webp 1536w, https:\/\/vizcab.io\/fr\/wp-content\/uploads\/Schema-gender-2048x767.webp 2048w\" sizes=\"(max-width: 800px) 100vw, 800px\" \/>\t\t\t\t\t\t\t\t\t\t\t\t\t\t\t<\/div>\n\t\t\t\t<\/div>\n\t\t\t\t<div class=\"elementor-element elementor-element-6036840 elementor-widget elementor-widget-heading\" data-id=\"6036840\" data-element_type=\"widget\" data-e-type=\"widget\" data-widget_type=\"heading.default\">\n\t\t\t\t<div class=\"elementor-widget-container\">\n\t\t\t\t\t<h3 class=\"elementor-heading-title elementor-size-default\">Index Egalit\u00e9 Professionnelle ?\n<\/h3>\t\t\t\t<\/div>\n\t\t\t\t<\/div>\n\t\t\t\t<div class=\"elementor-element elementor-element-e5e4823 elementor-widget elementor-widget-image\" data-id=\"e5e4823\" data-element_type=\"widget\" data-e-type=\"widget\" data-widget_type=\"image.default\">\n\t\t\t\t<div class=\"elementor-widget-container\">\n\t\t\t\t\t\t\t\t\t\t\t\t\t\t\t<img decoding=\"async\" width=\"768\" height=\"541\" src=\"https:\/\/vizcab.io\/fr\/wp-content\/uploads\/Vizcab-index-egalite-hf-V3-768x541.jpg\" class=\"attachment-medium_large size-medium_large wp-image-13422\" alt=\"Vizcab Index egalite\" srcset=\"https:\/\/vizcab.io\/fr\/wp-content\/uploads\/Vizcab-index-egalite-hf-V3-768x541.jpg 768w, https:\/\/vizcab.io\/fr\/wp-content\/uploads\/Vizcab-index-egalite-hf-V3-300x211.jpg 300w, https:\/\/vizcab.io\/fr\/wp-content\/uploads\/Vizcab-index-egalite-hf-V3-1024x721.jpg 1024w, https:\/\/vizcab.io\/fr\/wp-content\/uploads\/Vizcab-index-egalite-hf-V3-1536x1082.jpg 1536w, https:\/\/vizcab.io\/fr\/wp-content\/uploads\/Vizcab-index-egalite-hf-V3-2048x1442.jpg 2048w\" sizes=\"(max-width: 768px) 100vw, 768px\" \/>\t\t\t\t\t\t\t\t\t\t\t\t\t\t\t<\/div>\n\t\t\t\t<\/div>\n\t\t\t\t<div class=\"elementor-element elementor-element-ca37bdc elementor-widget elementor-widget-text-editor\" data-id=\"ca37bdc\" data-element_type=\"widget\" data-e-type=\"widget\" data-widget_type=\"text-editor.default\">\n\t\t\t\t<div class=\"elementor-widget-container\">\n\t\t\t\t\t\t\t\t\t<p>Dans une logique de transparence et d\u2019\u00e9quit\u00e9 salariale entre les femmes et les hommes, nous avons appliqu\u00e9 la m\u00e9thodologie officielle de calcul de l\u2019Index \u00c9galit\u00e9 Professionnelle, dont les r\u00e9sultats ont \u00e9t\u00e9 partag\u00e9s avec l\u2019ensemble des salari\u00e9\u00b7es.\u00a0<\/p>\t\t\t\t\t\t\t\t<\/div>\n\t\t\t\t<\/div>\n\t\t\t\t<div class=\"elementor-element elementor-element-b6ae2ee elementor-widget elementor-widget-heading\" data-id=\"b6ae2ee\" data-element_type=\"widget\" data-e-type=\"widget\" data-widget_type=\"heading.default\">\n\t\t\t\t<div class=\"elementor-widget-container\">\n\t\t\t\t\t<h3 class=\"elementor-heading-title elementor-size-default\">Cibles ?<\/h3>\t\t\t\t<\/div>\n\t\t\t\t<\/div>\n\t\t\t\t<div class=\"elementor-element elementor-element-ab6afbb elementor-widget elementor-widget-text-editor\" data-id=\"ab6afbb\" data-element_type=\"widget\" data-e-type=\"widget\" data-widget_type=\"text-editor.default\">\n\t\t\t\t<div class=\"elementor-widget-container\">\n\t\t\t\t\t\t\t\t\t<p><span style=\"font-weight: 400;\">Atteindre 20% le nombre de femmes membre du CoDir d\u2019ici 2025.<\/span><\/p>\t\t\t\t\t\t\t\t<\/div>\n\t\t\t\t<\/div>\n\t\t\t\t<div class=\"elementor-element elementor-element-a1952aa elementor-widget elementor-widget-heading\" data-id=\"a1952aa\" data-element_type=\"widget\" data-e-type=\"widget\" data-widget_type=\"heading.default\">\n\t\t\t\t<div class=\"elementor-widget-container\">\n\t\t\t\t\t<h2 class=\"elementor-heading-title elementor-size-default\">Qu\u2019est-ce que le GEP ?\n<\/h2>\t\t\t\t<\/div>\n\t\t\t\t<\/div>\n\t\t\t\t<div class=\"elementor-element elementor-element-c0c94ae elementor-widget elementor-widget-text-editor\" data-id=\"c0c94ae\" data-element_type=\"widget\" data-e-type=\"widget\" data-widget_type=\"text-editor.default\">\n\t\t\t\t<div class=\"elementor-widget-container\">\n\t\t\t\t\t\t\t\t\t<p>Le GEP, tel que d\u00e9fini par la Commission europ\u00e9enne, est un document officiel qui regroupe un ensemble d&rsquo;engagements et d&rsquo;actions visant \u00e0 <b>promouvoir l&rsquo;\u00e9galit\u00e9 des genres dans une organisation<\/b> par le biais de <b>changements institutionnels et culturels<\/b>.<\/p>\t\t\t\t\t\t\t\t<\/div>\n\t\t\t\t<\/div>\n\t\t\t\t\t<\/div>\n\t\t<\/div>\n\t\t\t\t\t<\/div>\n\t\t<\/section>\n\t\t\t\t<\/div>\n\t\t","protected":false},"excerpt":{"rendered":"<p>Engagement de Vizcab Vizcab s\u2019engage \u00e0 mettre en \u0153uvre un Gender Equality Plan (GEP), ou plan pour l\u2019\u00e9galit\u00e9 des genres, au travers d\u2019une s\u00e9rie d\u2019actions concr\u00e8tes qui s\u2019articulent autour de six objectifs majeurs : Sensibiliser \u00e0 l&rsquo;\u00e9galit\u00e9 des genres et aux biais inconscients\u00a0 Am\u00e9liorer l&rsquo;\u00e9quilibre entre vie professionnelle et vie priv\u00e9e et faire \u00e9voluer les [&hellip;]<\/p>\n","protected":false},"author":14,"featured_media":607,"parent":0,"menu_order":0,"comment_status":"closed","ping_status":"closed","template":"","meta":{"content-type":"","footnotes":""},"class_list":["post-10903","page","type-page","status-publish","has-post-thumbnail","hentry"],"yoast_head":"<!-- This site is optimized with the Yoast SEO plugin v27.3 - https:\/\/yoast.com\/product\/yoast-seo-wordpress\/ -->\n<title>Nos engagements RSE - Vizcab<\/title>\n<meta name=\"description\" content=\"Il n\u2019est pas \u00e9vident de s\u2019y retrouver entre les nombreux labels et certifications li\u00e9s \u00e0 l&#039;ACV dans la construction. Petite mise au point.\" \/>\n<meta name=\"robots\" content=\"index, follow, max-snippet:-1, max-image-preview:large, max-video-preview:-1\" \/>\n<link rel=\"canonical\" href=\"https:\/\/vizcab.io\/fr\/nos-engagements-rse\/\" \/>\n<meta property=\"og:locale\" content=\"fr_FR\" \/>\n<meta property=\"og:type\" content=\"article\" \/>\n<meta property=\"og:title\" content=\"Nos engagements RSE - Vizcab\" \/>\n<meta property=\"og:description\" content=\"Il n\u2019est pas \u00e9vident de s\u2019y retrouver entre les nombreux labels et certifications li\u00e9s \u00e0 l&#039;ACV dans la construction. Petite mise au point.\" \/>\n<meta property=\"og:url\" content=\"https:\/\/vizcab.io\/fr\/nos-engagements-rse\/\" \/>\n<meta property=\"og:site_name\" content=\"Vizcab\" \/>\n<meta property=\"article:modified_time\" content=\"2025-05-05T07:42:13+00:00\" \/>\n<meta property=\"og:image\" content=\"https:\/\/vizcab.io\/fr\/wp-content\/uploads\/Vizcab_RE2020_ACV_Une-e\u0301quipe-dexperts-a\u0300-votre-service.jpg\" \/>\n\t<meta property=\"og:image:width\" content=\"2001\" \/>\n\t<meta property=\"og:image:height\" content=\"2001\" \/>\n\t<meta property=\"og:image:type\" content=\"image\/jpeg\" \/>\n<meta name=\"twitter:card\" content=\"summary_large_image\" \/>\n<meta name=\"twitter:label1\" content=\"Dur\u00e9e de lecture estim\u00e9e\" \/>\n\t<meta name=\"twitter:data1\" content=\"7 minutes\" \/>\n<script type=\"application\/ld+json\" class=\"yoast-schema-graph\">{\"@context\":\"https:\\\/\\\/schema.org\",\"@graph\":[{\"@type\":\"WebPage\",\"@id\":\"https:\\\/\\\/vizcab.io\\\/fr\\\/nos-engagements-rse\\\/\",\"url\":\"https:\\\/\\\/vizcab.io\\\/fr\\\/nos-engagements-rse\\\/\",\"name\":\"Nos engagements RSE - Vizcab\",\"isPartOf\":{\"@id\":\"https:\\\/\\\/vizcab.io\\\/fr\\\/#website\"},\"primaryImageOfPage\":{\"@id\":\"https:\\\/\\\/vizcab.io\\\/fr\\\/nos-engagements-rse\\\/#primaryimage\"},\"image\":{\"@id\":\"https:\\\/\\\/vizcab.io\\\/fr\\\/nos-engagements-rse\\\/#primaryimage\"},\"thumbnailUrl\":\"https:\\\/\\\/vizcab.io\\\/fr\\\/wp-content\\\/uploads\\\/Vizcab_RE2020_ACV_Une-e\u0301quipe-dexperts-a\u0300-votre-service.jpg\",\"datePublished\":\"2024-06-18T07:09:58+00:00\",\"dateModified\":\"2025-05-05T07:42:13+00:00\",\"description\":\"Il n\u2019est pas \u00e9vident de s\u2019y retrouver entre les nombreux labels et certifications li\u00e9s \u00e0 l'ACV dans la construction. Petite mise au point.\",\"breadcrumb\":{\"@id\":\"https:\\\/\\\/vizcab.io\\\/fr\\\/nos-engagements-rse\\\/#breadcrumb\"},\"inLanguage\":\"fr-FR\",\"potentialAction\":[{\"@type\":\"ReadAction\",\"target\":[\"https:\\\/\\\/vizcab.io\\\/fr\\\/nos-engagements-rse\\\/\"]}]},{\"@type\":\"ImageObject\",\"inLanguage\":\"fr-FR\",\"@id\":\"https:\\\/\\\/vizcab.io\\\/fr\\\/nos-engagements-rse\\\/#primaryimage\",\"url\":\"https:\\\/\\\/vizcab.io\\\/fr\\\/wp-content\\\/uploads\\\/Vizcab_RE2020_ACV_Une-e\u0301quipe-dexperts-a\u0300-votre-service.jpg\",\"contentUrl\":\"https:\\\/\\\/vizcab.io\\\/fr\\\/wp-content\\\/uploads\\\/Vizcab_RE2020_ACV_Une-e\u0301quipe-dexperts-a\u0300-votre-service.jpg\",\"width\":2001,\"height\":2001,\"caption\":\"VIzcab : Amina et Guillaume, d\u00e9veloppeurs\"},{\"@type\":\"BreadcrumbList\",\"@id\":\"https:\\\/\\\/vizcab.io\\\/fr\\\/nos-engagements-rse\\\/#breadcrumb\",\"itemListElement\":[{\"@type\":\"ListItem\",\"position\":1,\"name\":\"Accueil\",\"item\":\"https:\\\/\\\/vizcab.io\\\/fr\\\/\"},{\"@type\":\"ListItem\",\"position\":2,\"name\":\"Nos engagements RSE\"}]},{\"@type\":\"WebSite\",\"@id\":\"https:\\\/\\\/vizcab.io\\\/fr\\\/#website\",\"url\":\"https:\\\/\\\/vizcab.io\\\/fr\\\/\",\"name\":\"Vizcab\",\"description\":\"Solutions pour la transition environnementale du b\u00e2timent\",\"publisher\":{\"@id\":\"https:\\\/\\\/vizcab.io\\\/fr\\\/#organization\"},\"potentialAction\":[{\"@type\":\"SearchAction\",\"target\":{\"@type\":\"EntryPoint\",\"urlTemplate\":\"https:\\\/\\\/vizcab.io\\\/fr\\\/?s={search_term_string}\"},\"query-input\":{\"@type\":\"PropertyValueSpecification\",\"valueRequired\":true,\"valueName\":\"search_term_string\"}}],\"inLanguage\":\"fr-FR\"},{\"@type\":\"Organization\",\"@id\":\"https:\\\/\\\/vizcab.io\\\/fr\\\/#organization\",\"name\":\"Vizcab\",\"url\":\"https:\\\/\\\/vizcab.io\\\/fr\\\/\",\"logo\":{\"@type\":\"ImageObject\",\"inLanguage\":\"fr-FR\",\"@id\":\"https:\\\/\\\/vizcab.io\\\/fr\\\/#\\\/schema\\\/logo\\\/image\\\/\",\"url\":\"https:\\\/\\\/vizcab.io\\\/fr\\\/wp-content\\\/uploads\\\/Vizcab-Logo-Long-bleu-Signature.png\",\"contentUrl\":\"https:\\\/\\\/vizcab.io\\\/fr\\\/wp-content\\\/uploads\\\/Vizcab-Logo-Long-bleu-Signature.png\",\"width\":1470,\"height\":490,\"caption\":\"Vizcab\"},\"image\":{\"@id\":\"https:\\\/\\\/vizcab.io\\\/fr\\\/#\\\/schema\\\/logo\\\/image\\\/\"},\"sameAs\":[\"https:\\\/\\\/www.linkedin.com\\\/company\\\/vizcab\\\/\"]}]}<\/script>\n<!-- \/ Yoast SEO plugin. -->","yoast_head_json":{"title":"Nos engagements RSE - Vizcab","description":"Il n\u2019est pas \u00e9vident de s\u2019y retrouver entre les nombreux labels et certifications li\u00e9s \u00e0 l'ACV dans la construction. Petite mise au point.","robots":{"index":"index","follow":"follow","max-snippet":"max-snippet:-1","max-image-preview":"max-image-preview:large","max-video-preview":"max-video-preview:-1"},"canonical":"https:\/\/vizcab.io\/fr\/nos-engagements-rse\/","og_locale":"fr_FR","og_type":"article","og_title":"Nos engagements RSE - Vizcab","og_description":"Il n\u2019est pas \u00e9vident de s\u2019y retrouver entre les nombreux labels et certifications li\u00e9s \u00e0 l'ACV dans la construction. Petite mise au point.","og_url":"https:\/\/vizcab.io\/fr\/nos-engagements-rse\/","og_site_name":"Vizcab","article_modified_time":"2025-05-05T07:42:13+00:00","og_image":[{"width":2001,"height":2001,"url":"https:\/\/vizcab.io\/fr\/wp-content\/uploads\/Vizcab_RE2020_ACV_Une-e\u0301quipe-dexperts-a\u0300-votre-service.jpg","type":"image\/jpeg"}],"twitter_card":"summary_large_image","twitter_misc":{"Dur\u00e9e de lecture estim\u00e9e":"7 minutes"},"schema":{"@context":"https:\/\/schema.org","@graph":[{"@type":"WebPage","@id":"https:\/\/vizcab.io\/fr\/nos-engagements-rse\/","url":"https:\/\/vizcab.io\/fr\/nos-engagements-rse\/","name":"Nos engagements RSE - Vizcab","isPartOf":{"@id":"https:\/\/vizcab.io\/fr\/#website"},"primaryImageOfPage":{"@id":"https:\/\/vizcab.io\/fr\/nos-engagements-rse\/#primaryimage"},"image":{"@id":"https:\/\/vizcab.io\/fr\/nos-engagements-rse\/#primaryimage"},"thumbnailUrl":"https:\/\/vizcab.io\/fr\/wp-content\/uploads\/Vizcab_RE2020_ACV_Une-e\u0301quipe-dexperts-a\u0300-votre-service.jpg","datePublished":"2024-06-18T07:09:58+00:00","dateModified":"2025-05-05T07:42:13+00:00","description":"Il n\u2019est pas \u00e9vident de s\u2019y retrouver entre les nombreux labels et certifications li\u00e9s \u00e0 l'ACV dans la construction. Petite mise au point.","breadcrumb":{"@id":"https:\/\/vizcab.io\/fr\/nos-engagements-rse\/#breadcrumb"},"inLanguage":"fr-FR","potentialAction":[{"@type":"ReadAction","target":["https:\/\/vizcab.io\/fr\/nos-engagements-rse\/"]}]},{"@type":"ImageObject","inLanguage":"fr-FR","@id":"https:\/\/vizcab.io\/fr\/nos-engagements-rse\/#primaryimage","url":"https:\/\/vizcab.io\/fr\/wp-content\/uploads\/Vizcab_RE2020_ACV_Une-e\u0301quipe-dexperts-a\u0300-votre-service.jpg","contentUrl":"https:\/\/vizcab.io\/fr\/wp-content\/uploads\/Vizcab_RE2020_ACV_Une-e\u0301quipe-dexperts-a\u0300-votre-service.jpg","width":2001,"height":2001,"caption":"VIzcab : Amina et Guillaume, d\u00e9veloppeurs"},{"@type":"BreadcrumbList","@id":"https:\/\/vizcab.io\/fr\/nos-engagements-rse\/#breadcrumb","itemListElement":[{"@type":"ListItem","position":1,"name":"Accueil","item":"https:\/\/vizcab.io\/fr\/"},{"@type":"ListItem","position":2,"name":"Nos engagements RSE"}]},{"@type":"WebSite","@id":"https:\/\/vizcab.io\/fr\/#website","url":"https:\/\/vizcab.io\/fr\/","name":"Vizcab","description":"Solutions pour la transition environnementale du b\u00e2timent","publisher":{"@id":"https:\/\/vizcab.io\/fr\/#organization"},"potentialAction":[{"@type":"SearchAction","target":{"@type":"EntryPoint","urlTemplate":"https:\/\/vizcab.io\/fr\/?s={search_term_string}"},"query-input":{"@type":"PropertyValueSpecification","valueRequired":true,"valueName":"search_term_string"}}],"inLanguage":"fr-FR"},{"@type":"Organization","@id":"https:\/\/vizcab.io\/fr\/#organization","name":"Vizcab","url":"https:\/\/vizcab.io\/fr\/","logo":{"@type":"ImageObject","inLanguage":"fr-FR","@id":"https:\/\/vizcab.io\/fr\/#\/schema\/logo\/image\/","url":"https:\/\/vizcab.io\/fr\/wp-content\/uploads\/Vizcab-Logo-Long-bleu-Signature.png","contentUrl":"https:\/\/vizcab.io\/fr\/wp-content\/uploads\/Vizcab-Logo-Long-bleu-Signature.png","width":1470,"height":490,"caption":"Vizcab"},"image":{"@id":"https:\/\/vizcab.io\/fr\/#\/schema\/logo\/image\/"},"sameAs":["https:\/\/www.linkedin.com\/company\/vizcab\/"]}]}},"_links":{"self":[{"href":"https:\/\/vizcab.io\/fr\/wp-json\/wp\/v2\/pages\/10903","targetHints":{"allow":["GET"]}}],"collection":[{"href":"https:\/\/vizcab.io\/fr\/wp-json\/wp\/v2\/pages"}],"about":[{"href":"https:\/\/vizcab.io\/fr\/wp-json\/wp\/v2\/types\/page"}],"author":[{"embeddable":true,"href":"https:\/\/vizcab.io\/fr\/wp-json\/wp\/v2\/users\/14"}],"replies":[{"embeddable":true,"href":"https:\/\/vizcab.io\/fr\/wp-json\/wp\/v2\/comments?post=10903"}],"version-history":[{"count":5,"href":"https:\/\/vizcab.io\/fr\/wp-json\/wp\/v2\/pages\/10903\/revisions"}],"predecessor-version":[{"id":13524,"href":"https:\/\/vizcab.io\/fr\/wp-json\/wp\/v2\/pages\/10903\/revisions\/13524"}],"wp:featuredmedia":[{"embeddable":true,"href":"https:\/\/vizcab.io\/fr\/wp-json\/wp\/v2\/media\/607"}],"wp:attachment":[{"href":"https:\/\/vizcab.io\/fr\/wp-json\/wp\/v2\/media?parent=10903"}],"curies":[{"name":"wp","href":"https:\/\/api.w.org\/{rel}","templated":true}]}}